{"id":87,"date":"2023-12-21T09:20:35","date_gmt":"2023-12-21T09:20:35","guid":{"rendered":"https:\/\/evisa.xpressbuddy.com\/?page_id=87"},"modified":"2026-04-10T09:44:12","modified_gmt":"2026-04-10T09:44:12","slug":"travel-agency","status":"publish","type":"page","link":"https:\/\/korkmazinsaat.org.tr\/","title":{"rendered":"Ana Sayfa"},"content":{"rendered":"\t\t<div data-elementor-type=\"wp-page\" data-elementor-id=\"87\" class=\"elementor elementor-87\">\n\t\t\t\t\t\t<section class=\"elementor-section elementor-top-section elementor-element elementor-element-89b83db elementor-section-full_width elementor-section-stretched elementor-section-height-default elementor-section-height-default\" data-id=\"89b83db\" data-element_type=\"section\" data-e-type=\"section\" data-settings=\"{&quot;stretch_section&quot;:&quot;section-stretched&quot;,&quot;background_background&quot;:&quot;video&quot;,&quot;background_video_link&quot;:&quot;https:\\\/\\\/www.youtube.com\\\/watch?v=bHqF_1wt3co&quot;,&quot;background_video_start&quot;:0,&quot;background_video_end&quot;:0,&quot;background_play_on_mobile&quot;:&quot;yes&quot;}\">\n\t\t\t\t\t\t\t\t<div class=\"elementor-background-video-container\">\n\t\t\t\t\t\t\t\t\t\t\t\t\t<div class=\"elementor-background-video-embed\" role=\"presentation\"><\/div>\n\t\t\t\t\t\t\t\t\t\t\t\t<\/div>\n\t\t\t\t\t\t\t\t\t<div class=\"elementor-background-overlay\"><\/div>\n\t\t\t\t\t\t\t<div class=\"elementor-container elementor-column-gap-no\">\n\t\t\t\t\t<div class=\"elementor-column elementor-col-100 elementor-top-column elementor-element elementor-element-fbe71c7\" data-id=\"fbe71c7\" data-element_type=\"column\" data-e-type=\"column\">\n\t\t\t<div class=\"elementor-widget-wrap elementor-element-populated\">\n\t\t\t\t\t\t<div class=\"elementor-element elementor-element-da3b971 elementor-widget elementor-widget-int-hero-three\" data-id=\"da3b971\" data-element_type=\"widget\" data-e-type=\"widget\" data-widget_type=\"int-hero-three.default\">\n\t\t\t\t<div class=\"elementor-widget-container\">\n\t\t\t\t\t\r\n        <section class=\"hero hero__style-three pos-rel bg_img\" \">\r\n            <div class=\"container\">\r\n                <div class=\"row align-items-end\">\r\n                    <div class=\"col-12\">\r\n                        <div class=\"xb-hero-content2 pos-rel\">\r\n                            <div class=\"xb-item--holder\">\r\n                                                                    <span>Korkmaz \u0130n\u015faat<\/span>\r\n                                                                                                    <h1 class=\"xb-item--title\">Gelenekten Gelece\u011fe<br> Sa\u011flam Yap\u0131lar.<\/h1>\r\n                                                                                                    <p>Modern d\u00fcnyan\u0131n ihtiya\u00e7lar\u0131na uygun, g\u00fcvenli ve estetik ya\u015fam alanlar\u0131 \u00fcretiyoruz.<\/p>\r\n                                                            <\/div>\r\n                            <div class=\"xb-item--btn btns gap-20\">\r\n                                                                    <a class=\"thm-btn thm-btn--trv\"\r\n                                       href=\"https:\/\/korkmazinsaat.org.tr\/?p=3251\">Hakk\u0131m\u0131zda                                        <span><svg xmlns=\"http:\/\/www.w3.org\/2000\/svg\" width=\"18\" height=\"16\" viewBox=\"0 0 18 16\" fill=\"none\"><path d=\"M6.68164 13.28L11.5716 8.9333C12.1491 8.41997 12.1491 7.57997 11.5716 7.06664L6.68164 2.71997\" stroke=\"white\" stroke-width=\"1.5\" stroke-miterlimit=\"10\" stroke-linecap=\"round\" stroke-linejoin=\"round\"><\/path><\/svg><\/span><\/a>\r\n                                                                                            <\/div>\r\n                        <\/div>\r\n                    <\/div>\r\n                <\/div>\r\n            <\/div>\r\n                                <\/section>\r\n        \t\t\t\t<\/div>\n\t\t\t\t<\/div>\n\t\t\t\t\t<\/div>\n\t\t<\/div>\n\t\t\t\t\t<\/div>\n\t\t<\/section>\n\t\t\t\t<section class=\"elementor-section elementor-top-section elementor-element elementor-element-66b980e8 elementor-section-boxed elementor-section-height-default elementor-section-height-default\" data-id=\"66b980e8\" data-element_type=\"section\" data-e-type=\"section\">\n\t\t\t\t\t\t<div class=\"elementor-container elementor-column-gap-default\">\n\t\t\t\t\t<div class=\"elementor-column elementor-col-50 elementor-top-column elementor-element elementor-element-69c659da\" data-id=\"69c659da\" data-element_type=\"column\" data-e-type=\"column\">\n\t\t\t<div class=\"elementor-widget-wrap elementor-element-populated\">\n\t\t\t\t\t\t<div class=\"elementor-element elementor-element-f4ba15c elementor-widget elementor-widget-text-editor\" data-id=\"f4ba15c\" data-element_type=\"widget\" data-e-type=\"widget\" data-widget_type=\"text-editor.default\">\n\t\t\t\t\t\t\t\t\t<h1><strong>G\u00fc\u00e7l\u00fc Temeller \u00dczerinde<\/strong><\/h1>\t\t\t\t\t\t\t\t<\/div>\n\t\t\t\t<div class=\"elementor-element elementor-element-ca761de elementor-widget elementor-widget-text-editor\" data-id=\"ca761de\" data-element_type=\"widget\" data-e-type=\"widget\" data-widget_type=\"text-editor.default\">\n\t\t\t\t\t\t\t\t\t<h1><strong><span style=\"color: #ffcc00;\">Gelece\u011fi \u0130n\u015fa Ediyoruz<\/span><\/strong><\/h1>\t\t\t\t\t\t\t\t<\/div>\n\t\t\t\t<div class=\"elementor-element elementor-element-b351d9c elementor-widget elementor-widget-spacer\" data-id=\"b351d9c\" data-element_type=\"widget\" data-e-type=\"widget\" data-widget_type=\"spacer.default\">\n\t\t\t\t\t\t\t<div class=\"elementor-spacer\">\n\t\t\t<div class=\"elementor-spacer-inner\"><\/div>\n\t\t<\/div>\n\t\t\t\t\t\t<\/div>\n\t\t\t\t<div class=\"elementor-element elementor-element-1b2129b elementor-widget elementor-widget-text-editor\" data-id=\"1b2129b\" data-element_type=\"widget\" data-e-type=\"widget\" data-widget_type=\"text-editor.default\">\n\t\t\t\t\t\t\t\t\t<h4>Korkmaz \u0130n\u015faat olarak, 10 y\u0131ll\u0131k tecr\u00fcbemizle modern mimariyi g\u00fcvenli yap\u0131larla bulu\u015fturuyoruz.<br \/><br \/>Her bir projemizde kaliteyi, esteti\u011fi ve s\u00fcrd\u00fcr\u00fclebilirli\u011fi \u00f6n planda tutarak ya\u015fam alanlar\u0131n\u0131za de\u011fer kat\u0131yoruz.<br \/><br \/><\/h4>\t\t\t\t\t\t\t\t<\/div>\n\t\t\t\t<div class=\"elementor-element elementor-element-16e7f9c elementor-widget elementor-widget-spacer\" data-id=\"16e7f9c\" data-element_type=\"widget\" data-e-type=\"widget\" data-widget_type=\"spacer.default\">\n\t\t\t\t\t\t\t<div class=\"elementor-spacer\">\n\t\t\t<div class=\"elementor-spacer-inner\"><\/div>\n\t\t<\/div>\n\t\t\t\t\t\t<\/div>\n\t\t\t\t<div class=\"elementor-element elementor-element-fbc1c57 elementor-widget elementor-widget-text-editor\" data-id=\"fbc1c57\" data-element_type=\"widget\" data-e-type=\"widget\" data-widget_type=\"text-editor.default\">\n\t\t\t\t\t\t\t\t\t<ul><li><h3>Modern Tasar\u0131m Anlay\u0131\u015f\u0131<\/h3><\/li><li><h3>Y\u00fcksek Kalite Standartlar\u0131<\/h3><\/li><li><h3>Zaman\u0131nda Teslimat G\u00fcvencesi<\/h3><\/li><\/ul>\t\t\t\t\t\t\t\t<\/div>\n\t\t\t\t<div class=\"elementor-element elementor-element-6c5aa1e elementor-widget elementor-widget-spacer\" data-id=\"6c5aa1e\" data-element_type=\"widget\" data-e-type=\"widget\" data-widget_type=\"spacer.default\">\n\t\t\t\t\t\t\t<div class=\"elementor-spacer\">\n\t\t\t<div class=\"elementor-spacer-inner\"><\/div>\n\t\t<\/div>\n\t\t\t\t\t\t<\/div>\n\t\t\t\t<div class=\"elementor-element elementor-element-c7e12fb elementor-widget elementor-widget-int-button\" data-id=\"c7e12fb\" data-element_type=\"widget\" data-e-type=\"widget\" data-widget_type=\"int-button.default\">\n\t\t\t\t<div class=\"elementor-widget-container\">\n\t\t\t\t\t            <div class=\"xb-btn-wrap\">\r\n        <a class=\"thm-btn thm-btn--trv\" href=\"https:\/\/korkmazinsaat.org.tr\/?p=3251\" >\u015eirketimiz Hakk\u0131nda<span><\/span><\/a>\r\n    <\/div>\r\n    \t\t\t\t<\/div>\n\t\t\t\t<\/div>\n\t\t\t\t<div class=\"elementor-element elementor-element-c33ce6d elementor-widget elementor-widget-spacer\" data-id=\"c33ce6d\" data-element_type=\"widget\" data-e-type=\"widget\" data-widget_type=\"spacer.default\">\n\t\t\t\t\t\t\t<div class=\"elementor-spacer\">\n\t\t\t<div class=\"elementor-spacer-inner\"><\/div>\n\t\t<\/div>\n\t\t\t\t\t\t<\/div>\n\t\t\t\t\t<\/div>\n\t\t<\/div>\n\t\t\t\t<div class=\"elementor-column elementor-col-50 elementor-top-column elementor-element elementor-element-2825a80b\" data-id=\"2825a80b\" data-element_type=\"column\" data-e-type=\"column\">\n\t\t\t<div class=\"elementor-widget-wrap elementor-element-populated\">\n\t\t\t\t\t\t<div class=\"elementor-element elementor-element-c29c50f elementor-widget elementor-widget-image\" data-id=\"c29c50f\" data-element_type=\"widget\" data-e-type=\"widget\" data-widget_type=\"image.default\">\n\t\t\t\t\t\t\t\t\t\t\t\t\t\t\t<img fetchpriority=\"high\" decoding=\"async\" width=\"1024\" height=\"783\" src=\"https:\/\/korkmazinsaat.org.tr\/wp-content\/uploads\/2026\/04\/galerisfds-1024x783.jpeg\" class=\"attachment-large size-large wp-image-3293\" alt=\"\" srcset=\"https:\/\/korkmazinsaat.org.tr\/wp-content\/uploads\/2026\/04\/galerisfds-1024x783.jpeg 1024w, https:\/\/korkmazinsaat.org.tr\/wp-content\/uploads\/2026\/04\/galerisfds-300x229.jpeg 300w, https:\/\/korkmazinsaat.org.tr\/wp-content\/uploads\/2026\/04\/galerisfds-768x587.jpeg 768w, https:\/\/korkmazinsaat.org.tr\/wp-content\/uploads\/2026\/04\/galerisfds-1536x1174.jpeg 1536w, https:\/\/korkmazinsaat.org.tr\/wp-content\/uploads\/2026\/04\/galerisfds.jpeg 1600w\" sizes=\"(max-width: 1024px) 100vw, 1024px\" \/>\t\t\t\t\t\t\t\t\t\t\t\t\t\t\t<\/div>\n\t\t\t\t\t<\/div>\n\t\t<\/div>\n\t\t\t\t\t<\/div>\n\t\t<\/section>\n\t\t<div class=\"elementor-element elementor-element-3562d9b e-con-full e-flex e-con e-parent\" data-id=\"3562d9b\" data-element_type=\"container\" data-e-type=\"container\">\n\t\t\t\t<div class=\"elementor-element elementor-element-026d2f6 gallery-spacing-custom elementor-widget elementor-widget-image-gallery\" data-id=\"026d2f6\" data-element_type=\"widget\" data-e-type=\"widget\" data-widget_type=\"image-gallery.default\">\n\t\t\t\t\t\t\t<div class=\"elementor-image-gallery\">\n\t\t\t<div id='gallery-1' class='gallery galleryid-87 gallery-columns-4 gallery-size-evisa-medium'><figure class='gallery-item'>\n\t\t\t<div class='gallery-icon landscape'>\n\t\t\t\t<img decoding=\"async\" width=\"500\" height=\"400\" src=\"https:\/\/korkmazinsaat.org.tr\/wp-content\/uploads\/2026\/04\/galris-500x400.jpeg\" class=\"attachment-evisa-medium size-evisa-medium\" alt=\"\" \/>\n\t\t\t<\/div><\/figure><figure class='gallery-item'>\n\t\t\t<div class='gallery-icon portrait'>\n\t\t\t\t<img decoding=\"async\" width=\"500\" height=\"400\" src=\"https:\/\/korkmazinsaat.org.tr\/wp-content\/uploads\/2026\/04\/galerissfs-500x400.jpeg\" class=\"attachment-evisa-medium size-evisa-medium\" alt=\"\" \/>\n\t\t\t<\/div><\/figure><figure class='gallery-item'>\n\t\t\t<div class='gallery-icon portrait'>\n\t\t\t\t<img loading=\"lazy\" decoding=\"async\" width=\"500\" height=\"400\" src=\"https:\/\/korkmazinsaat.org.tr\/wp-content\/uploads\/2026\/04\/galerisfss-500x400.jpeg\" class=\"attachment-evisa-medium size-evisa-medium\" alt=\"\" \/>\n\t\t\t<\/div><\/figure><figure class='gallery-item'>\n\t\t\t<div class='gallery-icon landscape'>\n\t\t\t\t<img loading=\"lazy\" decoding=\"async\" width=\"500\" height=\"400\" src=\"https:\/\/korkmazinsaat.org.tr\/wp-content\/uploads\/2026\/04\/galerisfds-500x400.jpeg\" class=\"attachment-evisa-medium size-evisa-medium\" alt=\"\" \/>\n\t\t\t<\/div><\/figure><figure class='gallery-item'>\n\t\t\t<div class='gallery-icon portrait'>\n\t\t\t\t<img loading=\"lazy\" decoding=\"async\" width=\"500\" height=\"400\" src=\"https:\/\/korkmazinsaat.org.tr\/wp-content\/uploads\/2026\/04\/galerisd-500x400.jpeg\" class=\"attachment-evisa-medium size-evisa-medium\" alt=\"\" \/>\n\t\t\t<\/div><\/figure><figure class='gallery-item'>\n\t\t\t<div class='gallery-icon landscape'>\n\t\t\t\t<img loading=\"lazy\" decoding=\"async\" width=\"500\" height=\"400\" src=\"https:\/\/korkmazinsaat.org.tr\/wp-content\/uploads\/2026\/04\/galeris-500x400.jpeg\" class=\"attachment-evisa-medium size-evisa-medium\" alt=\"\" \/>\n\t\t\t<\/div><\/figure><figure class='gallery-item'>\n\t\t\t<div class='gallery-icon landscape'>\n\t\t\t\t<img loading=\"lazy\" decoding=\"async\" width=\"500\" height=\"400\" src=\"https:\/\/korkmazinsaat.org.tr\/wp-content\/uploads\/2026\/04\/4b7ab044-79a1-400f-a4c0-ce22717eb1c1-500x400.jpeg\" class=\"attachment-evisa-medium size-evisa-medium\" alt=\"\" \/>\n\t\t\t<\/div><\/figure><figure class='gallery-item'>\n\t\t\t<div class='gallery-icon landscape'>\n\t\t\t\t<img loading=\"lazy\" decoding=\"async\" width=\"500\" height=\"400\" src=\"https:\/\/korkmazinsaat.org.tr\/wp-content\/uploads\/2026\/04\/glaers-500x400.jpeg\" class=\"attachment-evisa-medium size-evisa-medium\" alt=\"\" \/>\n\t\t\t<\/div><\/figure>\n\t\t<\/div>\n\t\t<\/div>\n\t\t\t\t\t\t<\/div>\n\t\t\t\t<\/div>\n\t\t\t\t<section class=\"elementor-section elementor-top-section elementor-element elementor-element-527fe840 elementor-section-full_width elementor-section-height-default elementor-section-height-default\" data-id=\"527fe840\" data-element_type=\"section\" data-e-type=\"section\">\n\t\t\t\t\t\t<div class=\"elementor-container elementor-column-gap-no\">\n\t\t\t\t\t<div class=\"elementor-column elementor-col-100 elementor-top-column elementor-element elementor-element-45484dd0\" data-id=\"45484dd0\" data-element_type=\"column\" data-e-type=\"column\">\n\t\t\t<div class=\"elementor-widget-wrap\">\n\t\t\t\t\t\t\t<\/div>\n\t\t<\/div>\n\t\t\t\t\t<\/div>\n\t\t<\/section>\n\t\t<div class=\"elementor-element elementor-element-ceb88df e-flex e-con-boxed e-con e-parent\" data-id=\"ceb88df\" data-element_type=\"container\" data-e-type=\"container\">\n\t\t\t\t\t<div class=\"e-con-inner\">\n\t\t\t\t<div class=\"elementor-element elementor-element-20a99dc elementor-widget elementor-widget-text-editor\" data-id=\"20a99dc\" data-element_type=\"widget\" data-e-type=\"widget\" data-widget_type=\"text-editor.default\">\n\t\t\t\t\t\t\t\t\t<h1>G\u00fcven Dolu Bir i\u015fbirli\u011fine <br \/>Birlikte Ad\u0131m Atal\u0131m<\/h1><p>\u00a0<\/p><h4>Siz Hayal Edin Biz Hayalinizdeki Yuvay\u0131 \u0130n\u015faa Edelim.<\/h4>\t\t\t\t\t\t\t\t<\/div>\n\t\t\t\t\t<\/div>\n\t\t\t\t<\/div>\n\t\t\t\t<\/div>\n\t\t","protected":false},"excerpt":{"rendered":"","protected":false},"author":1,"featured_media":0,"parent":0,"menu_order":0,"comment_status":"closed","ping_status":"closed","template":"elementor_header_footer","meta":{"inline_featured_image":false,"footnotes":""},"class_list":["post-87","page","type-page","status-publish","hentry"],"_links":{"self":[{"href":"https:\/\/korkmazinsaat.org.tr\/index.php?rest_route=\/wp\/v2\/pages\/87","targetHints":{"allow":["GET"]}}],"collection":[{"href":"https:\/\/korkmazinsaat.org.tr\/index.php?rest_route=\/wp\/v2\/pages"}],"about":[{"href":"https:\/\/korkmazinsaat.org.tr\/index.php?rest_route=\/wp\/v2\/types\/page"}],"author":[{"embeddable":true,"href":"https:\/\/korkmazinsaat.org.tr\/index.php?rest_route=\/wp\/v2\/users\/1"}],"replies":[{"embeddable":true,"href":"https:\/\/korkmazinsaat.org.tr\/index.php?rest_route=%2Fwp%2Fv2%2Fcomments&post=87"}],"version-history":[{"count":98,"href":"https:\/\/korkmazinsaat.org.tr\/index.php?rest_route=\/wp\/v2\/pages\/87\/revisions"}],"predecessor-version":[{"id":3568,"href":"https:\/\/korkmazinsaat.org.tr\/index.php?rest_route=\/wp\/v2\/pages\/87\/revisions\/3568"}],"wp:attachment":[{"href":"https:\/\/korkmazinsaat.org.tr\/index.php?rest_route=%2Fwp%2Fv2%2Fmedia&parent=87"}],"curies":[{"name":"wp","href":"https:\/\/api.w.org\/{rel}","templated":true}]}}