{"id":31,"date":"2023-12-20T16:57:55","date_gmt":"2023-12-20T16:57:55","guid":{"rendered":"https:\/\/evisa.xpressbuddy.com\/?page_id=31"},"modified":"2026-04-03T19:34:54","modified_gmt":"2026-04-03T19:34:54","slug":"about","status":"publish","type":"page","link":"https:\/\/korkmazinsaat.org.tr\/?page_id=31","title":{"rendered":"Projeler"},"content":{"rendered":"\t\t<div data-elementor-type=\"wp-page\" data-elementor-id=\"31\" class=\"elementor elementor-31\">\n\t\t\t\t<div class=\"elementor-element elementor-element-e9f7577 e-con-full e-flex e-con e-parent\" data-id=\"e9f7577\" data-element_type=\"container\" data-e-type=\"container\">\n\t\t\t\t<div class=\"elementor-element elementor-element-35acb98 elementor-widget__width-inherit elementor-widget elementor-widget-int-blog\" data-id=\"35acb98\" data-element_type=\"widget\" data-e-type=\"widget\" data-widget_type=\"int-blog.default\">\n\t\t\t\t<div class=\"elementor-widget-container\">\n\t\t\t\t\t\r\n        <section class=\"blog pb-130\">\r\n            <div class=\"container\">\r\n                <div class=\"blog-wrap\">\r\n                    <div class=\"sec-title mb-60 text-center\">\r\n                                                    <h2 class=\"title wow skewIn\">Birlikte, Gelece\u011fe, G\u00fcvenle.<\/h2>\r\n                                            <\/div>\r\n                    <div class=\"row justify-content-md-center mt-none-30\">\r\n                                                        <div class=\"col-lg-4 col-md-6 mt-30\">\r\n                                    <div class=\"xb-blog\">\r\n                                        <div class=\"xb-item--inner\">\r\n                                                                                            <div class=\"xb-item--img\">\r\n                                                    <a href=\"https:\/\/korkmazinsaat.org.tr\/?p=3266\"><img fetchpriority=\"high\" decoding=\"async\" width=\"500\" height=\"400\" src=\"https:\/\/korkmazinsaat.org.tr\/wp-content\/uploads\/2026\/04\/galerisfds-500x400.jpeg\" class=\"attachment-evisa-medium size-evisa-medium wp-post-image\" alt=\"\" \/><\/a>\r\n                                                <\/div>\r\n                                                                                        <div class=\"xb-item--holder\">\r\n                                                <span class=\"xb-item--category\" style =\"background-color:\"  href=\"https:\/\/korkmazinsaat.org.tr\/?cat=4\">DEVAM EDEN PROJELER<\/span>                                                <ul class=\"xb-item--meta ul_li mb-20\">\r\n                                                    <li><img decoding=\"async\" src=\"https:\/\/korkmazinsaat.org.tr\/wp-content\/plugins\/xpress-core\/assets\/img\/user.svg\" alt=\"\">By admin<\/li>\r\n                                                    <li><img decoding=\"async\" src=\"https:\/\/korkmazinsaat.org.tr\/wp-content\/plugins\/xpress-core\/assets\/img\/calendar.svg\" alt=\"\">31 Mart 2026                                                    <\/li>\r\n                                                <\/ul>\r\n                                                <h3 class=\"xb-item--title border-effect\"><a\r\n                                                            href=\"https:\/\/korkmazinsaat.org.tr\/?p=3266\">\u00c7elik Apartman\u0131<\/a>\r\n                                                <\/h3>\r\n                                                                                            <\/div>\r\n                                            <a class=\"xb-overlay xb-overlay-link\" href=\"https:\/\/korkmazinsaat.org.tr\/?p=3266\"><\/a>\r\n                                        <\/div>\r\n                                    <\/div>\r\n                                <\/div>\r\n                                                <\/div>\r\n                    <div class=\"xb-blog-bg\"                          style=\"background-image: url('https:\/\/korkmazinsaat.org.tr\/wp\/wp-content\/uploads\/2026\/04\/503.jpg') \"><\/div>\r\n                <\/div>\r\n            <\/div>\r\n        <\/section>\r\n        \t\t\t\t<\/div>\n\t\t\t\t<\/div>\n\t\t\t\t<\/div>\n\t\t\t\t<\/div>\n\t\t","protected":false},"excerpt":{"rendered":"<p>Birlikte, Gelece\u011fe, G\u00fcvenle. DEVAM EDEN PROJELER By admin 31 Mart 2026 \u00c7elik Apartman\u0131<\/p>\n","protected":false},"author":1,"featured_media":0,"parent":0,"menu_order":0,"comment_status":"closed","ping_status":"closed","template":"evisa-template.php","meta":{"inline_featured_image":false,"footnotes":""},"class_list":["post-31","page","type-page","status-publish","hentry"],"_links":{"self":[{"href":"https:\/\/korkmazinsaat.org.tr\/index.php?rest_route=\/wp\/v2\/pages\/31","targetHints":{"allow":["GET"]}}],"collection":[{"href":"https:\/\/korkmazinsaat.org.tr\/index.php?rest_route=\/wp\/v2\/pages"}],"about":[{"href":"https:\/\/korkmazinsaat.org.tr\/index.php?rest_route=\/wp\/v2\/types\/page"}],"author":[{"embeddable":true,"href":"https:\/\/korkmazinsaat.org.tr\/index.php?rest_route=\/wp\/v2\/users\/1"}],"replies":[{"embeddable":true,"href":"https:\/\/korkmazinsaat.org.tr\/index.php?rest_route=%2Fwp%2Fv2%2Fcomments&post=31"}],"version-history":[{"count":27,"href":"https:\/\/korkmazinsaat.org.tr\/index.php?rest_route=\/wp\/v2\/pages\/31\/revisions"}],"predecessor-version":[{"id":3540,"href":"https:\/\/korkmazinsaat.org.tr\/index.php?rest_route=\/wp\/v2\/pages\/31\/revisions\/3540"}],"wp:attachment":[{"href":"https:\/\/korkmazinsaat.org.tr\/index.php?rest_route=%2Fwp%2Fv2%2Fmedia&parent=31"}],"curies":[{"name":"wp","href":"https:\/\/api.w.org\/{rel}","templated":true}]}}